{"id":119,"date":"2024-02-11T20:47:24","date_gmt":"2024-02-12T00:47:24","guid":{"rendered":"https:\/\/caminhosdahumanidade.com\/?page_id=119"},"modified":"2024-02-21T14:45:19","modified_gmt":"2024-02-21T18:45:19","slug":"sobre-caminhos-da-humanidade-sou-mais-um-ser-tentando-entender-a-humanidade-e-a-existencia","status":"publish","type":"page","link":"https:\/\/caminhosdahumanidade.com\/index.php\/sobre-caminhos-da-humanidade-sou-mais-um-ser-tentando-entender-a-humanidade-e-a-existencia\/","title":{"rendered":"Sobre"},"content":{"rendered":"<div class=\"wp-block-image\">\n<figure class=\"aligncenter size-full is-resized\"><img decoding=\"async\" width=\"640\" height=\"480\" data-src=\"http:\/\/caminhosdahumanidade.com\/wp-content\/uploads\/2023\/02\/planeta-distante-2.jpg\" alt=\"Busca entender a humanidade e a exist\u00eancia\" class=\"wp-image-21 lazyload\" style=\"--smush-placeholder-width: 640px; --smush-placeholder-aspect-ratio: 640\/480;width:756px;height:auto\" data-srcset=\"https:\/\/caminhosdahumanidade.com\/wp-content\/uploads\/2023\/02\/planeta-distante-2.jpg 640w, https:\/\/caminhosdahumanidade.com\/wp-content\/uploads\/2023\/02\/planeta-distante-2-300x225.jpg 300w\" data-sizes=\"(max-width: 640px) 100vw, 640px\" src=\"data:image\/svg+xml;base64,PHN2ZyB3aWR0aD0iMSIgaGVpZ2h0PSIxIiB4bWxucz0iaHR0cDovL3d3dy53My5vcmcvMjAwMC9zdmciPjwvc3ZnPg==\" \/><figcaption class=\"wp-element-caption\">Planeta Terra vista a partir da Lua. Observe a imensid\u00e3o em volta da Terra, dando uma pequena no\u00e7\u00e3o do quanto somos pequenos<\/figcaption><\/figure>\n<\/div>\n\n\n<h2 class=\"wp-block-heading alignwide has-text-align-center\">Em Busca de Entendimento sobre a Humanidade <\/h2>\n\n\n\n<p>Ol\u00e1, sou o <a href=\"http:\/\/lattes.cnpq.br\/3885522639033364\">Jo\u00e3o Marcelo<\/a>, professor de hist\u00f3ria e filosofia, tamb\u00e9m escrevo contos e romances. Sou mais um ser humano que busca entender a humanidade e a exist\u00eancia. Observo que estamos nesse planeta, dentro de um imenso universo e n\u00e3o sabemos o come\u00e7o e nem o fim de tudo isso. Pela l\u00f3gica das coisas que se manifestam aqui, parece que tudo tem <em>um come\u00e7o, um meio e um fim<\/em>, mas a pr\u00f3pria <em>exist\u00eancia em si<\/em> n\u00e3o nos mostra se existe um come\u00e7o e um fim. Apenas percebemos que estamos no meio, <strong><em>no meio da hist\u00f3ria<\/em><\/strong>, e como se do nada surgimos.<\/p>\n\n\n\n<p>O ser humano at\u00e9 hoje n\u00e3o sabe o que tem que descobrir e como descobrir. De repente, as primeiras descobertas foram um acidente (ou n\u00e3o), e assim n\u00e3o parou mais. Descobrimos bastante coisa e n\u00e3o queremos para de descobrir. Surgiu a religi\u00e3o, a arte, a filosofia e a ci\u00eancia para isso. Criamos inven\u00e7\u00f5es e sistemas, e nos organizamos a partir disto.<\/p>\n\n\n\n<p>E os caminhos que o ser humano tomou? O ser humano criou e destruiu, dialogou e guerreou. Sa\u00edmos de uma simples aldeia da \u00c1frica e agora enviamos sat\u00e9lites para fora do planeta. Como <strong><em>a hist\u00f3ria \u00e9 tudo que temos<\/em><\/strong>, observaremos os fatos hist\u00f3ricos e filos\u00f3ficos da <em>humanidade.<\/em> Vamos tentar ver a <strong>humanidade<\/strong> como um Ser ou um objeto a ser analisado.<\/p>\n\n\n\n<p>Aqui, inicialmente, tenho a inten\u00e7\u00e3o de fazer um exerc\u00edcio meramente especulativo. Escapando um pouco do rigor do <em>m\u00e9todo<\/em> cient\u00edfico, entretanto, n\u00e3o desprezando a <em>ci\u00eancia.<\/em> Mesmo com essa inten\u00e7\u00e3o e busca de entender a humanidade e a exist\u00eancia, n\u00e3o se pretende aqui criar coisas, uma pseudoci\u00eancia ou algo do tipo. A \u00fanica pretens\u00e3o aqui \u00e9 entender <strong><em>o<\/em><\/strong> <strong><em>meio<\/em><\/strong>, isto \u00e9, <strong><em>a humanidade<\/em><\/strong>.<sup data-fn=\"be073bf0-7d95-46ad-b6c5-28a4971307fa\" class=\"fn\"><a href=\"#be073bf0-7d95-46ad-b6c5-28a4971307fa\" id=\"be073bf0-7d95-46ad-b6c5-28a4971307fa-link\">1<\/a><\/sup> Aqui pretendemos <em>buscar entender atrav\u00e9s dos <a href=\"http:\/\/caminhosdahumanidade.com\">caminhos da humanidade<\/a>, <\/em>o in\u00edcio e o fim!<sup data-fn=\"ece5092c-cd3d-4c0f-93f0-d79c1f13517c\" class=\"fn\"><a href=\"#ece5092c-cd3d-4c0f-93f0-d79c1f13517c\" id=\"ece5092c-cd3d-4c0f-93f0-d79c1f13517c-link\">2<\/a><\/sup><\/p>\n\n\n<ol style=\"font-size:14px;\" class=\"wp-block-footnotes\"><li id=\"be073bf0-7d95-46ad-b6c5-28a4971307fa\">Esse projeto tamb\u00e9m pretende criar uma comunidade de pensadores. Um resgate da filosofia especulativa. <a href=\"#be073bf0-7d95-46ad-b6c5-28a4971307fa-link\" aria-label=\"Ir para a refer\u00eancia 1 na nota de rodap\u00e9\">\u21a9\ufe0e<\/a><\/li><li id=\"ece5092c-cd3d-4c0f-93f0-d79c1f13517c\">Os primeiros textos do site ser\u00e3o feitos inteiramente por intelig\u00eancia artificial. Com o tempo, os textos ser\u00e3o refeitos e complementados com estudos e com indica\u00e7\u00e3o bibliogr\u00e1fica. Como o mundo de hoje \u00e9 imediatista e tempo \u00e9 dinheiro, constru\u00ed esse site de imediato para conseguir dinheiro, e assim conseguir uma situa\u00e7\u00e3o financeira para me dedicar integralmente aos estudos.  <a href=\"#ece5092c-cd3d-4c0f-93f0-d79c1f13517c-link\" aria-label=\"Ir para a refer\u00eancia 2 na nota de rodap\u00e9\">\u21a9\ufe0e<\/a><\/li><\/ol>","protected":false},"excerpt":{"rendered":"<p>Em Busca de Entendimento sobre a Humanidade Ol\u00e1, sou o Jo\u00e3o Marcelo, professor de hist\u00f3ria e filosofia, tamb\u00e9m escrevo contos e romances. Sou mais um ser humano que busca entender a humanidade e a exist\u00eancia. Observo que estamos nesse planeta, dentro de um imenso universo e n\u00e3o sabemos o come\u00e7o e nem o fim de &#8230; <a title=\"Sobre\" class=\"read-more\" href=\"https:\/\/caminhosdahumanidade.com\/index.php\/sobre-caminhos-da-humanidade-sou-mais-um-ser-tentando-entender-a-humanidade-e-a-existencia\/\" aria-label=\"Read more about Sobre\">Ler mais<\/a><\/p>\n","protected":false},"author":1,"featured_media":0,"parent":0,"menu_order":0,"comment_status":"closed","ping_status":"closed","template":"","meta":{"footnotes":"[{\"content\":\"Esse projeto tamb\u00e9m pretende criar uma comunidade de pensadores. Um resgate da filosofia especulativa.\",\"id\":\"be073bf0-7d95-46ad-b6c5-28a4971307fa\"},{\"content\":\"Os primeiros textos do site ser\u00e3o feitos inteiramente por intelig\u00eancia artificial. Com o tempo, os textos ser\u00e3o refeitos e complementados com estudos e com indica\u00e7\u00e3o bibliogr\u00e1fica. Como o mundo de hoje \u00e9 imediatista e tempo \u00e9 dinheiro, constru\u00ed esse site de imediato para conseguir dinheiro, e assim conseguir uma situa\u00e7\u00e3o financeira para me dedicar integralmente aos estudos. \",\"id\":\"ece5092c-cd3d-4c0f-93f0-d79c1f13517c\"}]"},"class_list":["post-119","page","type-page","status-publish"],"yoast_head":"<!-- This site is optimized with the Yoast SEO plugin v27.5 - https:\/\/yoast.com\/product\/yoast-seo-wordpress\/ -->\n<title>A Busca de Entender sobre a Humanidade e a exist\u00eancia - Sobre - Caminhos da Humanidade -<\/title>\n<meta name=\"description\" content=\"Sou professor de hist\u00f3ria e filosofia, e escritor. Sou mais um ser humano que busca entender a humanidade e a exist\u00eancia.\" \/>\n<meta name=\"robots\" content=\"index, follow, max-snippet:-1, max-image-preview:large, max-video-preview:-1\" \/>\n<link rel=\"canonical\" href=\"https:\/\/caminhosdahumanidade.com\/index.php\/sobre-caminhos-da-humanidade-sou-mais-um-ser-tentando-entender-a-humanidade-e-a-existencia\/\" \/>\n<meta property=\"og:locale\" content=\"pt_BR\" \/>\n<meta property=\"og:type\" content=\"article\" \/>\n<meta property=\"og:title\" content=\"A Busca de Entender sobre a Humanidade e a exist\u00eancia - Sobre - Caminhos da Humanidade -\" \/>\n<meta property=\"og:description\" content=\"Sou professor de hist\u00f3ria e filosofia, e escritor. Sou mais um ser humano que busca entender a humanidade e a exist\u00eancia.\" \/>\n<meta property=\"og:url\" content=\"https:\/\/caminhosdahumanidade.com\/index.php\/sobre-caminhos-da-humanidade-sou-mais-um-ser-tentando-entender-a-humanidade-e-a-existencia\/\" \/>\n<meta property=\"og:site_name\" content=\"Caminhos da Humanidade\" \/>\n<meta property=\"article:modified_time\" content=\"2024-02-21T18:45:19+00:00\" \/>\n<meta property=\"og:image\" content=\"http:\/\/caminhosdahumanidade.com\/wp-content\/uploads\/2023\/02\/planeta-distante-2.jpg\" \/>\n<meta name=\"twitter:card\" content=\"summary_large_image\" \/>\n<meta name=\"twitter:label1\" content=\"Est. tempo de leitura\" \/>\n\t<meta name=\"twitter:data1\" content=\"3 minutos\" \/>\n<script type=\"application\/ld+json\" class=\"yoast-schema-graph\">{\"@context\":\"https:\\\/\\\/schema.org\",\"@graph\":[{\"@type\":\"WebPage\",\"@id\":\"https:\\\/\\\/caminhosdahumanidade.com\\\/index.php\\\/sobre-caminhos-da-humanidade-sou-mais-um-ser-tentando-entender-a-humanidade-e-a-existencia\\\/\",\"url\":\"https:\\\/\\\/caminhosdahumanidade.com\\\/index.php\\\/sobre-caminhos-da-humanidade-sou-mais-um-ser-tentando-entender-a-humanidade-e-a-existencia\\\/\",\"name\":\"A Busca de Entender sobre a Humanidade e a exist\u00eancia - Sobre - Caminhos da Humanidade -\",\"isPartOf\":{\"@id\":\"https:\\\/\\\/caminhosdahumanidade.com\\\/#website\"},\"primaryImageOfPage\":{\"@id\":\"https:\\\/\\\/caminhosdahumanidade.com\\\/index.php\\\/sobre-caminhos-da-humanidade-sou-mais-um-ser-tentando-entender-a-humanidade-e-a-existencia\\\/#primaryimage\"},\"image\":{\"@id\":\"https:\\\/\\\/caminhosdahumanidade.com\\\/index.php\\\/sobre-caminhos-da-humanidade-sou-mais-um-ser-tentando-entender-a-humanidade-e-a-existencia\\\/#primaryimage\"},\"thumbnailUrl\":\"http:\\\/\\\/caminhosdahumanidade.com\\\/wp-content\\\/uploads\\\/2023\\\/02\\\/planeta-distante-2.jpg\",\"datePublished\":\"2024-02-12T00:47:24+00:00\",\"dateModified\":\"2024-02-21T18:45:19+00:00\",\"description\":\"Sou professor de hist\u00f3ria e filosofia, e escritor. Sou mais um ser humano que busca entender a humanidade e a exist\u00eancia.\",\"breadcrumb\":{\"@id\":\"https:\\\/\\\/caminhosdahumanidade.com\\\/index.php\\\/sobre-caminhos-da-humanidade-sou-mais-um-ser-tentando-entender-a-humanidade-e-a-existencia\\\/#breadcrumb\"},\"inLanguage\":\"pt-BR\",\"potentialAction\":[{\"@type\":\"ReadAction\",\"target\":[\"https:\\\/\\\/caminhosdahumanidade.com\\\/index.php\\\/sobre-caminhos-da-humanidade-sou-mais-um-ser-tentando-entender-a-humanidade-e-a-existencia\\\/\"]}]},{\"@type\":\"ImageObject\",\"inLanguage\":\"pt-BR\",\"@id\":\"https:\\\/\\\/caminhosdahumanidade.com\\\/index.php\\\/sobre-caminhos-da-humanidade-sou-mais-um-ser-tentando-entender-a-humanidade-e-a-existencia\\\/#primaryimage\",\"url\":\"https:\\\/\\\/caminhosdahumanidade.com\\\/wp-content\\\/uploads\\\/2023\\\/02\\\/planeta-distante-2.jpg\",\"contentUrl\":\"https:\\\/\\\/caminhosdahumanidade.com\\\/wp-content\\\/uploads\\\/2023\\\/02\\\/planeta-distante-2.jpg\",\"width\":640,\"height\":480,\"caption\":\"Somos apenas isso?\"},{\"@type\":\"BreadcrumbList\",\"@id\":\"https:\\\/\\\/caminhosdahumanidade.com\\\/index.php\\\/sobre-caminhos-da-humanidade-sou-mais-um-ser-tentando-entender-a-humanidade-e-a-existencia\\\/#breadcrumb\",\"itemListElement\":[{\"@type\":\"ListItem\",\"position\":1,\"name\":\"In\u00edcio\",\"item\":\"https:\\\/\\\/caminhosdahumanidade.com\\\/\"},{\"@type\":\"ListItem\",\"position\":2,\"name\":\"Sobre\"}]},{\"@type\":\"WebSite\",\"@id\":\"https:\\\/\\\/caminhosdahumanidade.com\\\/#website\",\"url\":\"https:\\\/\\\/caminhosdahumanidade.com\\\/\",\"name\":\"Caminhos da Humanidade\",\"description\":\"\",\"publisher\":{\"@id\":\"https:\\\/\\\/caminhosdahumanidade.com\\\/#\\\/schema\\\/person\\\/aa79e8b5b903ab58eb61136913c9b51c\"},\"potentialAction\":[{\"@type\":\"SearchAction\",\"target\":{\"@type\":\"EntryPoint\",\"urlTemplate\":\"https:\\\/\\\/caminhosdahumanidade.com\\\/?s={search_term_string}\"},\"query-input\":{\"@type\":\"PropertyValueSpecification\",\"valueRequired\":true,\"valueName\":\"search_term_string\"}}],\"inLanguage\":\"pt-BR\"},{\"@type\":[\"Person\",\"Organization\"],\"@id\":\"https:\\\/\\\/caminhosdahumanidade.com\\\/#\\\/schema\\\/person\\\/aa79e8b5b903ab58eb61136913c9b51c\",\"name\":\"Jo\u00e3o Marcelo\",\"image\":{\"@type\":\"ImageObject\",\"inLanguage\":\"pt-BR\",\"@id\":\"https:\\\/\\\/caminhosdahumanidade.com\\\/wp-content\\\/uploads\\\/2024\\\/02\\\/cropped-Copia-de-Cabecalho-blog.png\",\"url\":\"https:\\\/\\\/caminhosdahumanidade.com\\\/wp-content\\\/uploads\\\/2024\\\/02\\\/cropped-Copia-de-Cabecalho-blog.png\",\"contentUrl\":\"https:\\\/\\\/caminhosdahumanidade.com\\\/wp-content\\\/uploads\\\/2024\\\/02\\\/cropped-Copia-de-Cabecalho-blog.png\",\"width\":1789,\"height\":330,\"caption\":\"Jo\u00e3o Marcelo\"},\"logo\":{\"@id\":\"https:\\\/\\\/caminhosdahumanidade.com\\\/wp-content\\\/uploads\\\/2024\\\/02\\\/cropped-Copia-de-Cabecalho-blog.png\"},\"sameAs\":[\"http:\\\/\\\/caminhosdahumanidade.com\"]}]}<\/script>\n<!-- \/ Yoast SEO plugin. -->","yoast_head_json":{"title":"A Busca de Entender sobre a Humanidade e a exist\u00eancia - Sobre - Caminhos da Humanidade -","description":"Sou professor de hist\u00f3ria e filosofia, e escritor. Sou mais um ser humano que busca entender a humanidade e a exist\u00eancia.","robots":{"index":"index","follow":"follow","max-snippet":"max-snippet:-1","max-image-preview":"max-image-preview:large","max-video-preview":"max-video-preview:-1"},"canonical":"https:\/\/caminhosdahumanidade.com\/index.php\/sobre-caminhos-da-humanidade-sou-mais-um-ser-tentando-entender-a-humanidade-e-a-existencia\/","og_locale":"pt_BR","og_type":"article","og_title":"A Busca de Entender sobre a Humanidade e a exist\u00eancia - Sobre - Caminhos da Humanidade -","og_description":"Sou professor de hist\u00f3ria e filosofia, e escritor. Sou mais um ser humano que busca entender a humanidade e a exist\u00eancia.","og_url":"https:\/\/caminhosdahumanidade.com\/index.php\/sobre-caminhos-da-humanidade-sou-mais-um-ser-tentando-entender-a-humanidade-e-a-existencia\/","og_site_name":"Caminhos da Humanidade","article_modified_time":"2024-02-21T18:45:19+00:00","og_image":[{"url":"http:\/\/caminhosdahumanidade.com\/wp-content\/uploads\/2023\/02\/planeta-distante-2.jpg","type":"","width":"","height":""}],"twitter_card":"summary_large_image","twitter_misc":{"Est. tempo de leitura":"3 minutos"},"schema":{"@context":"https:\/\/schema.org","@graph":[{"@type":"WebPage","@id":"https:\/\/caminhosdahumanidade.com\/index.php\/sobre-caminhos-da-humanidade-sou-mais-um-ser-tentando-entender-a-humanidade-e-a-existencia\/","url":"https:\/\/caminhosdahumanidade.com\/index.php\/sobre-caminhos-da-humanidade-sou-mais-um-ser-tentando-entender-a-humanidade-e-a-existencia\/","name":"A Busca de Entender sobre a Humanidade e a exist\u00eancia - Sobre - Caminhos da Humanidade -","isPartOf":{"@id":"https:\/\/caminhosdahumanidade.com\/#website"},"primaryImageOfPage":{"@id":"https:\/\/caminhosdahumanidade.com\/index.php\/sobre-caminhos-da-humanidade-sou-mais-um-ser-tentando-entender-a-humanidade-e-a-existencia\/#primaryimage"},"image":{"@id":"https:\/\/caminhosdahumanidade.com\/index.php\/sobre-caminhos-da-humanidade-sou-mais-um-ser-tentando-entender-a-humanidade-e-a-existencia\/#primaryimage"},"thumbnailUrl":"http:\/\/caminhosdahumanidade.com\/wp-content\/uploads\/2023\/02\/planeta-distante-2.jpg","datePublished":"2024-02-12T00:47:24+00:00","dateModified":"2024-02-21T18:45:19+00:00","description":"Sou professor de hist\u00f3ria e filosofia, e escritor. Sou mais um ser humano que busca entender a humanidade e a exist\u00eancia.","breadcrumb":{"@id":"https:\/\/caminhosdahumanidade.com\/index.php\/sobre-caminhos-da-humanidade-sou-mais-um-ser-tentando-entender-a-humanidade-e-a-existencia\/#breadcrumb"},"inLanguage":"pt-BR","potentialAction":[{"@type":"ReadAction","target":["https:\/\/caminhosdahumanidade.com\/index.php\/sobre-caminhos-da-humanidade-sou-mais-um-ser-tentando-entender-a-humanidade-e-a-existencia\/"]}]},{"@type":"ImageObject","inLanguage":"pt-BR","@id":"https:\/\/caminhosdahumanidade.com\/index.php\/sobre-caminhos-da-humanidade-sou-mais-um-ser-tentando-entender-a-humanidade-e-a-existencia\/#primaryimage","url":"https:\/\/caminhosdahumanidade.com\/wp-content\/uploads\/2023\/02\/planeta-distante-2.jpg","contentUrl":"https:\/\/caminhosdahumanidade.com\/wp-content\/uploads\/2023\/02\/planeta-distante-2.jpg","width":640,"height":480,"caption":"Somos apenas isso?"},{"@type":"BreadcrumbList","@id":"https:\/\/caminhosdahumanidade.com\/index.php\/sobre-caminhos-da-humanidade-sou-mais-um-ser-tentando-entender-a-humanidade-e-a-existencia\/#breadcrumb","itemListElement":[{"@type":"ListItem","position":1,"name":"In\u00edcio","item":"https:\/\/caminhosdahumanidade.com\/"},{"@type":"ListItem","position":2,"name":"Sobre"}]},{"@type":"WebSite","@id":"https:\/\/caminhosdahumanidade.com\/#website","url":"https:\/\/caminhosdahumanidade.com\/","name":"Caminhos da Humanidade","description":"","publisher":{"@id":"https:\/\/caminhosdahumanidade.com\/#\/schema\/person\/aa79e8b5b903ab58eb61136913c9b51c"},"potentialAction":[{"@type":"SearchAction","target":{"@type":"EntryPoint","urlTemplate":"https:\/\/caminhosdahumanidade.com\/?s={search_term_string}"},"query-input":{"@type":"PropertyValueSpecification","valueRequired":true,"valueName":"search_term_string"}}],"inLanguage":"pt-BR"},{"@type":["Person","Organization"],"@id":"https:\/\/caminhosdahumanidade.com\/#\/schema\/person\/aa79e8b5b903ab58eb61136913c9b51c","name":"Jo\u00e3o Marcelo","image":{"@type":"ImageObject","inLanguage":"pt-BR","@id":"https:\/\/caminhosdahumanidade.com\/wp-content\/uploads\/2024\/02\/cropped-Copia-de-Cabecalho-blog.png","url":"https:\/\/caminhosdahumanidade.com\/wp-content\/uploads\/2024\/02\/cropped-Copia-de-Cabecalho-blog.png","contentUrl":"https:\/\/caminhosdahumanidade.com\/wp-content\/uploads\/2024\/02\/cropped-Copia-de-Cabecalho-blog.png","width":1789,"height":330,"caption":"Jo\u00e3o Marcelo"},"logo":{"@id":"https:\/\/caminhosdahumanidade.com\/wp-content\/uploads\/2024\/02\/cropped-Copia-de-Cabecalho-blog.png"},"sameAs":["http:\/\/caminhosdahumanidade.com"]}]}},"_links":{"self":[{"href":"https:\/\/caminhosdahumanidade.com\/index.php\/wp-json\/wp\/v2\/pages\/119","targetHints":{"allow":["GET"]}}],"collection":[{"href":"https:\/\/caminhosdahumanidade.com\/index.php\/wp-json\/wp\/v2\/pages"}],"about":[{"href":"https:\/\/caminhosdahumanidade.com\/index.php\/wp-json\/wp\/v2\/types\/page"}],"author":[{"embeddable":true,"href":"https:\/\/caminhosdahumanidade.com\/index.php\/wp-json\/wp\/v2\/users\/1"}],"replies":[{"embeddable":true,"href":"https:\/\/caminhosdahumanidade.com\/index.php\/wp-json\/wp\/v2\/comments?post=119"}],"version-history":[{"count":14,"href":"https:\/\/caminhosdahumanidade.com\/index.php\/wp-json\/wp\/v2\/pages\/119\/revisions"}],"predecessor-version":[{"id":224,"href":"https:\/\/caminhosdahumanidade.com\/index.php\/wp-json\/wp\/v2\/pages\/119\/revisions\/224"}],"wp:attachment":[{"href":"https:\/\/caminhosdahumanidade.com\/index.php\/wp-json\/wp\/v2\/media?parent=119"}],"curies":[{"name":"wp","href":"https:\/\/api.w.org\/{rel}","templated":true}]}}